{"id":734,"date":"2014-01-09T11:33:35","date_gmt":"2014-01-09T11:33:35","guid":{"rendered":"http:\/\/bnbc.be\/?page_id=734"},"modified":"2014-01-14T15:43:34","modified_gmt":"2014-01-14T15:43:34","slug":"optez-pour-un-business-center-pourquoi","status":"publish","type":"page","link":"https:\/\/www.beneluxbusinesscenter.be\/fr\/optez-pour-un-business-center-pourquoi\/","title":{"rendered":"Optez pour un centre d&rsquo;affaires, pourquoi?"},"content":{"rendered":"<p>Un centre d&rsquo;affaires offre une solution compl\u00e8te concernant la location des bureaux \u00e0\u00a0:<\/p>\n<ul>\n<li>Des entreprises unipersonnelles<\/li>\n<li>Des entreprises d\u00e9butantes<\/li>\n<li>Des entreprises avec des besoins de location flexibles<\/li>\n<li>&#8230;<\/li>\n<\/ul>\n<p>Les bureaux sont enti\u00e8rement meubl\u00e9s et disposent d\u2019un grand nombre de facilit\u00e9s collectives, tout comme des employ\u00e9s administratifs exp\u00e9riment\u00e9s avec un sens astucieux pour le service.<\/p>\n<p>Les frais des bureaux compl\u00e8tement am\u00e9nag\u00e9s comprennent \u2013 le loyer except\u00e9 \u2013 aussi les frais concernant le service administratif. Vous payez mensuellement un montant par lieu de travail.<\/p>\n<p>Le prix comprend\u00a0: le loyer, les taxes et des services comme l\u2019am\u00e9nagement, la lumi\u00e8re, le chauffage, la climatisation, l\u2019Internet \u00e0 haut d\u00e9bit, le maintien, la r\u00e9ception, le nettoyage, la s\u00e9curit\u00e9, de diverses assurances, l\u2019usage de la cuisine et des toilettes.<\/p>\n<p>Pour d\u2019autres facilit\u00e9s, comme l\u2019usage de salle de conf\u00e9rence, des copieurs, des imprimantes, du t\u00e9l\u00e9phone, etc\u00e9t\u00e9ra, il suffit de payer seulement l\u2019usage effectif.<\/p>\n<h3>Pourquoi optez pour un centre d&rsquo;affaires au lieu d\u2019un espace d\u2019entreprise \u00e0 louer?<\/h3>\n<p>Un lieu de travail dans un centre d&rsquo;affaires vous offre la flexibilit\u00e9 la plus grande et vous \u00e9conomisez de l\u2019argent sur des frais suppl\u00e9mentaires d\u00e9sagr\u00e9ables.<\/p>\n<p>Il ne faut pas vous enregistrer pour un laps de temps plus long que pr\u00e9vu.<\/p>\n<p>En plus, Benelux Businesscenter est tellement flexible qu\u2019il est possible de passer sur un espace plus grand ou plus petit, conform\u00e9ment \u00e0 vos besoins.<\/p>\n<p>Les premiers mois sont critiques pour chaque entreprise d\u00e9butante. Au moyen d\u2019un bureau dans un centre d&rsquo;affaires, vous aplanissez le grand nombre des probl\u00e8mes pratiques, qui vont avec le commencement des travaux \u00e0 une nouvelle location d\u2019entreprise.<\/p>\n<p>Gr\u00e2ce aux services offerts par un centre d&rsquo;affaires, vous avez la tranquillit\u00e9 afin de vous concentrer sur votre propre entreprise, et sur rien d\u2019autre. En d\u00e9veloppant, vous pouvez passer facilement et de mani\u00e8re simple sur des espaces plus grands dans le m\u00eame centre d&rsquo;affaires.<\/p>\n<blockquote>\n<p>Nous nous occupons de toutes les activit\u00e9s secondaires, pendant que vous puissiez vous occupiez de votre activit\u00e9 centrale.<\/p>\n<\/blockquote>\n","protected":false},"excerpt":{"rendered":"<p>Un centre d&rsquo;affaires offre une solution compl\u00e8te concernant la location des bureaux \u00e0\u00a0: Des entreprises unipersonnelles Des entreprises d\u00e9butantes Des entreprises avec des besoins de location flexibles &#8230; Les bureaux sont enti\u00e8rement meubl\u00e9s et disposent d\u2019un grand nombre de facilit\u00e9s collectives, tout comme des employ\u00e9s administratifs exp\u00e9riment\u00e9s avec un sens astucieux pour le service. Les [&hellip;]<\/p>\n","protected":false},"author":1,"featured_media":0,"parent":0,"menu_order":0,"comment_status":"open","ping_status":"open","template":"","meta":{"_acf_changed":false,"footnotes":""},"class_list":["post-734","page","type-page","status-publish","hentry","entry"],"acf":[],"_links":{"self":[{"href":"https:\/\/www.beneluxbusinesscenter.be\/fr\/wp-json\/wp\/v2\/pages\/734","targetHints":{"allow":["GET"]}}],"collection":[{"href":"https:\/\/www.beneluxbusinesscenter.be\/fr\/wp-json\/wp\/v2\/pages"}],"about":[{"href":"https:\/\/www.beneluxbusinesscenter.be\/fr\/wp-json\/wp\/v2\/types\/page"}],"author":[{"embeddable":true,"href":"https:\/\/www.beneluxbusinesscenter.be\/fr\/wp-json\/wp\/v2\/users\/1"}],"replies":[{"embeddable":true,"href":"https:\/\/www.beneluxbusinesscenter.be\/fr\/wp-json\/wp\/v2\/comments?post=734"}],"version-history":[{"count":3,"href":"https:\/\/www.beneluxbusinesscenter.be\/fr\/wp-json\/wp\/v2\/pages\/734\/revisions"}],"predecessor-version":[{"id":752,"href":"https:\/\/www.beneluxbusinesscenter.be\/fr\/wp-json\/wp\/v2\/pages\/734\/revisions\/752"}],"wp:attachment":[{"href":"https:\/\/www.beneluxbusinesscenter.be\/fr\/wp-json\/wp\/v2\/media?parent=734"}],"curies":[{"name":"wp","href":"https:\/\/api.w.org\/{rel}","templated":true}]}}